{"id":906,"date":"2021-04-18T07:23:31","date_gmt":"2021-04-18T07:23:31","guid":{"rendered":"https:\/\/www.herzenlauschen.de\/?page_id=906"},"modified":"2025-11-19T17:32:56","modified_gmt":"2025-11-19T17:32:56","slug":"energetische-kinesiologie-wennigsen","status":"publish","type":"page","link":"https:\/\/www.herzenlauschen.de\/index.php\/energetische-kinesiologie-wennigsen\/","title":{"rendered":"Energetische Kinesiologie"},"content":{"rendered":"\t\t<div data-elementor-type=\"wp-page\" data-elementor-id=\"906\" class=\"elementor elementor-906\" data-elementor-settings=\"[]\">\n\t\t\t\t\t\t\t<div class=\"elementor-section-wrap\">\n\t\t\t\t\t\t\t<section class=\"elementor-section elementor-top-section elementor-element elementor-element-b587af0 elementor-section-boxed elementor-section-height-default elementor-section-height-default\" data-id=\"b587af0\" data-element_type=\"section\" data-settings=\"{&quot;background_background&quot;:&quot;classic&quot;}\">\n\t\t\t\t\t\t<div class=\"elementor-container elementor-column-gap-default\">\n\t\t\t\t\t<div class=\"elementor-column elementor-col-33 elementor-top-column elementor-element elementor-element-fabf023\" data-id=\"fabf023\" data-element_type=\"column\">\n\t\t\t<div class=\"elementor-widget-wrap elementor-element-populated\">\n\t\t\t\t\t\t\t\t<div class=\"elementor-element elementor-element-5b0271b elementor-widget elementor-widget-image\" data-id=\"5b0271b\" data-element_type=\"widget\" data-widget_type=\"image.default\">\n\t\t\t\t<div class=\"elementor-widget-container\">\n\t\t\t\t\t<div class=\"elementor-image\">\n\t\t\t\t\t\t\t\t\t\t<img src=\"https:\/\/www.herzenlauschen.de\/wp-content\/uploads\/elementor\/thumbs\/Affirmationen-r7fo2lp1zs540ahvtnwe0c8f5l9wq9lomnrspgdpcw.png\" title=\"Glaubenss\u00e4tze\" alt=\"Kinesiologie\" \/>\t\t\t\t\t\t\t\t\t\t\t<\/div>\n\t\t\t\t<\/div>\n\t\t\t\t<\/div>\n\t\t\t\t\t<\/div>\n\t\t<\/div>\n\t\t\t\t<div class=\"elementor-column elementor-col-33 elementor-top-column elementor-element elementor-element-8fa8818\" data-id=\"8fa8818\" data-element_type=\"column\">\n\t\t\t<div class=\"elementor-widget-wrap elementor-element-populated\">\n\t\t\t\t\t\t\t\t<div class=\"elementor-element elementor-element-d842700 elementor-widget elementor-widget-image\" data-id=\"d842700\" data-element_type=\"widget\" data-widget_type=\"image.default\">\n\t\t\t\t<div class=\"elementor-widget-container\">\n\t\t\t\t\t<div class=\"elementor-image\">\n\t\t\t\t\t\t\t\t\t\t<img src=\"https:\/\/www.herzenlauschen.de\/wp-content\/uploads\/elementor\/thumbs\/Design-ohne-Titel-1-rbi7nti4enyxavbzb5kk5drg77rro5o2den5uyarvk.png\" title=\"Praxisraum\" alt=\"Praxisraum\" \/>\t\t\t\t\t\t\t\t\t\t\t<\/div>\n\t\t\t\t<\/div>\n\t\t\t\t<\/div>\n\t\t\t\t\t<\/div>\n\t\t<\/div>\n\t\t\t\t<div class=\"elementor-column elementor-col-33 elementor-top-column elementor-element elementor-element-8dbd29f\" data-id=\"8dbd29f\" data-element_type=\"column\">\n\t\t\t<div class=\"elementor-widget-wrap elementor-element-populated\">\n\t\t\t\t\t\t\t\t<div class=\"elementor-element elementor-element-db5a640 elementor-widget elementor-widget-image\" data-id=\"db5a640\" data-element_type=\"widget\" data-widget_type=\"image.default\">\n\t\t\t\t<div class=\"elementor-widget-container\">\n\t\t\t\t\t<div class=\"elementor-image\">\n\t\t\t\t\t\t\t\t\t\t<img src=\"https:\/\/www.herzenlauschen.de\/wp-content\/uploads\/elementor\/thumbs\/Logo-mit-Creme-Hintergrund-rahb88erun33vzrcgna18zwwue50b4ci8mt0h4t1nk.png\" title=\"Logo Herzenlauschen\" alt=\"Logo Herzenlauschen\" \/>\t\t\t\t\t\t\t\t\t\t\t<\/div>\n\t\t\t\t<\/div>\n\t\t\t\t<\/div>\n\t\t\t\t\t<\/div>\n\t\t<\/div>\n\t\t\t\t\t\t\t<\/div>\n\t\t<\/section>\n\t\t\t\t<section class=\"elementor-section elementor-top-section elementor-element elementor-element-3b7ae49 elementor-section-boxed elementor-section-height-default elementor-section-height-default\" data-id=\"3b7ae49\" data-element_type=\"section\">\n\t\t\t\t\t\t<div class=\"elementor-container elementor-column-gap-default\">\n\t\t\t\t\t<div class=\"elementor-column elementor-col-100 elementor-top-column elementor-element elementor-element-b7c9c33\" data-id=\"b7c9c33\" data-element_type=\"column\">\n\t\t\t<div class=\"elementor-widget-wrap elementor-element-populated\">\n\t\t\t\t\t\t\t\t<div class=\"elementor-element elementor-element-3e6cf36 elementor-widget elementor-widget-text-editor\" data-id=\"3e6cf36\" data-element_type=\"widget\" data-widget_type=\"text-editor.default\">\n\t\t\t\t<div class=\"elementor-widget-container\">\n\t\t\t\t\t<div class=\"elementor-text-editor elementor-clearfix\"><h3 data-start=\"351\" data-end=\"423\">In Einklang kommen \u2013 mit Kinesiologie &amp; achtsamer Prozessbegleitung<\/h3><p data-start=\"425\" data-end=\"622\">Es gibt Zeiten im Leben, in denen wir sp\u00fcren: Es will sich etwas wandeln.<br data-start=\"498\" data-end=\"501\" \/>Alte Muster, Gedanken oder Gewohnheiten passen nicht mehr \u2013 und eine leise Stimme in uns ruft danach, geh\u00f6rt zu werden.<\/p><p data-start=\"624\" data-end=\"855\">In meiner Praxis <strong data-start=\"641\" data-end=\"659\">Herzenlauschen<\/strong> in Wennigsen bei Hannover begleite ich dich mit <strong data-start=\"708\" data-end=\"738\">energetischer Kinesiologie<\/strong> und <strong data-start=\"743\" data-end=\"770\">achtsamer Prozessarbeit<\/strong>, wenn du dich auf den Weg machst, wieder mehr im Einklang mit dir selbst zu leben.<\/p><p data-start=\"857\" data-end=\"1204\">Mit feinem Sp\u00fcren, Pr\u00e4senz und den Impulsen deines K\u00f6rpers finden wir gemeinsam heraus, was in dir nach Ausdruck sucht \u2013 und welche Energie gerade in dir wirken m\u00f6chte.<br data-start=\"1025\" data-end=\"1028\" \/>Die Kinesiologie unterst\u00fctzt dich dabei, Zugang zu deiner inneren Weisheit zu finden und die Signale deines Energiesystems (deiner Chakren) wahrzunehmen und zu harmonisieren.<\/p><h3 data-start=\"1211\" data-end=\"1245\">Lauschen &#8211; Erkennen &#8211; Wandeln<\/h3><p data-start=\"1247\" data-end=\"1463\">Oft zeigt sich das, was in uns in Bewegung kommen m\u00f6chte, auch im Au\u00dfen:<br data-start=\"1319\" data-end=\"1322\" \/>Situationen, \u00fcber die wir uns immer wieder \u00e4rgern, Begegnungen, die uns herausfordern, oder Themen, die sich scheinbar st\u00e4ndig wiederholen.<\/p><p data-start=\"1465\" data-end=\"1587\">Solche Zeichen sind keine Zuf\u00e4lle \u2013 sie sind Einladungen, innezuhalten und zu lauschen, was uns das Leben zeigen m\u00f6chte.<\/p><p data-start=\"1589\" data-end=\"1866\">In der achtsamen Prozessbegleitung gehen wir diesen Hinweisen gemeinsam auf den Grund.<br data-start=\"1675\" data-end=\"1678\" \/>Du lernst, die Sprache deines K\u00f6rpers, deiner Gef\u00fchle und deiner Erfahrungen zu verstehen \u2013 und darin Wegweiser zu erkennen, die dich zu mehr Klarheit, Vertrauen und Lebendigkeit f\u00fchren.<\/p><p data-start=\"1868\" data-end=\"2001\">Ich arbeite mit verschiedenen Methoden, die dich dabei unterst\u00fctzen, dich tiefer mit deiner inneren und \u00e4u\u00dferen Natur zu verbinden:<\/p><ul data-start=\"2003\" data-end=\"2525\"><li data-start=\"2003\" data-end=\"2081\"><p data-start=\"2005\" data-end=\"2081\"><strong data-start=\"2005\" data-end=\"2037\">Kinesiologischer Muskeltest:<\/strong> als Wegweiser zu deinem Unterbewusstsein.<\/p><\/li><li data-start=\"2082\" data-end=\"2166\"><p data-start=\"2084\" data-end=\"2166\"><strong data-start=\"2084\" data-end=\"2110\">Atem- &amp; K\u00f6rper\u00fcbungen:<\/strong> um dich zu erden und deine Wahrnehmung zu verfeinern.<\/p><\/li><li data-start=\"2167\" data-end=\"2276\"><p data-start=\"2169\" data-end=\"2276\"><strong data-start=\"2169\" data-end=\"2211\">Gef\u00fchrte Meditationen &amp; innere Reisen:<\/strong> um Bilder, Gef\u00fchle und innere Weisheiten aufsteigen zu lassen.<\/p><\/li><li data-start=\"2277\" data-end=\"2413\"><p data-start=\"2279\" data-end=\"2413\"><strong data-start=\"2279\" data-end=\"2326\">Arbeit mit deinen Energiezentren (Chakren):<\/strong> um dein Energiesystem zu harmonisieren und deine Lebenskraft ins Flie\u00dfen zu bringen.<\/p><\/li><li data-start=\"2414\" data-end=\"2525\"><p data-start=\"2416\" data-end=\"2525\"><strong data-start=\"2416\" data-end=\"2455\">Glaubenssatz- &amp; Bewusstseinsarbeit:<\/strong> um innere Blockaden zu erkennen und neue Perspektiven zu entfalten.<\/p><\/li><\/ul><p data-start=\"2527\" data-end=\"2672\">Diese Begleitung ist kein \u201eStressabbau-Programm\u201c, sondern eine Einladung, dir selbst zuzuh\u00f6ren \u2013 und das, was sich zeigt, liebevoll anzunehmen.<\/p><h3 data-start=\"2679\" data-end=\"2707\">Dein Weg zu dir selbst<\/h3><p data-start=\"2709\" data-end=\"2920\">Kinesiologie kann dich auf allen Etappen deines Weges unterst\u00fctzen \u2013 wenn du dich neu ausrichten m\u00f6chtest, an einem Wendepunkt stehst oder einfach wieder mehr Verbundenheit mit dir und dem Leben sp\u00fcren willst.<\/p><p data-start=\"2922\" data-end=\"3145\">Ich begleite dich mit Achtsamkeit, Klarheit und Herz auf deinem individuellen Prozess \u2013 damit du Schritt f\u00fcr Schritt erkennst, was in dir wachsen will und wie du dich in Einklang mit deiner eigenen Natur entfalten kannst.<\/p><h3 data-start=\"3152\" data-end=\"3179\">Dein n\u00e4chster Schritt<\/h3><p data-start=\"3181\" data-end=\"3313\">Wenn du in <strong data-start=\"3192\" data-end=\"3229\">Wennigsen, Hannover oder Umgebung<\/strong> lebst oder dir bewusst Zeit f\u00fcr dich nehmen m\u00f6chtest, lade ich dich herzlich ein:<\/p><p data-start=\"3315\" data-end=\"3485\">Buche ein <strong data-start=\"3325\" data-end=\"3352\">kostenloses Vorgespr\u00e4ch<\/strong> (online oder vor Ort) und finde heraus, wie <strong data-start=\"3397\" data-end=\"3444\">achtsame Prozessbegleitung mit Kinesiologie<\/strong> dich auf deinem Weg unterst\u00fctzen kann.<\/p><p data-start=\"3487\" data-end=\"3553\">Ich freue mich darauf, dich ein St\u00fcck deines Weges zu begleiten.<\/p><\/div>\n\t\t\t\t<\/div>\n\t\t\t\t<\/div>\n\t\t\t\t\t<\/div>\n\t\t<\/div>\n\t\t\t\t\t\t\t<\/div>\n\t\t<\/section>\n\t\t\t\t<section class=\"elementor-section elementor-top-section elementor-element elementor-element-ff0095b elementor-section-boxed elementor-section-height-default elementor-section-height-default\" data-id=\"ff0095b\" data-element_type=\"section\">\n\t\t\t\t\t\t<div class=\"elementor-container elementor-column-gap-default\">\n\t\t\t\t\t<div class=\"elementor-column elementor-col-100 elementor-top-column elementor-element elementor-element-a44c780\" data-id=\"a44c780\" data-element_type=\"column\">\n\t\t\t<div class=\"elementor-widget-wrap elementor-element-populated\">\n\t\t\t\t\t\t\t\t<div class=\"elementor-element elementor-element-cc3d5f2 elementor-align-center elementor-widget elementor-widget-button\" data-id=\"cc3d5f2\" data-element_type=\"widget\" data-widget_type=\"button.default\">\n\t\t\t\t<div class=\"elementor-widget-container\">\n\t\t\t\t\t<div class=\"elementor-button-wrapper\">\n\t\t\t<a href=\"#\" class=\"elementor-button-link elementor-button elementor-size-sm\" role=\"button\">\n\t\t\t\t\t\t<span class=\"elementor-button-content-wrapper\">\n\t\t\t\t\t\t<span class=\"elementor-button-text\">Kontakt<\/span>\n\t\t<\/span>\n\t\t\t\t\t<\/a>\n\t\t<\/div>\n\t\t\t\t<\/div>\n\t\t\t\t<\/div>\n\t\t\t\t\t<\/div>\n\t\t<\/div>\n\t\t\t\t\t\t\t<\/div>\n\t\t<\/section>\n\t\t\t\t<section class=\"elementor-section elementor-top-section elementor-element elementor-element-a526c27 elementor-section-boxed elementor-section-height-default elementor-section-height-default\" data-id=\"a526c27\" data-element_type=\"section\" data-settings=\"{&quot;background_background&quot;:&quot;classic&quot;}\">\n\t\t\t\t\t\t<div class=\"elementor-container elementor-column-gap-default\">\n\t\t\t\t\t<div class=\"elementor-column elementor-col-50 elementor-top-column elementor-element elementor-element-c1e7fb8\" data-id=\"c1e7fb8\" data-element_type=\"column\">\n\t\t\t<div class=\"elementor-widget-wrap elementor-element-populated\">\n\t\t\t\t\t\t\t\t<div class=\"elementor-element elementor-element-edb0a97 elementor-widget elementor-widget-image\" data-id=\"edb0a97\" data-element_type=\"widget\" data-widget_type=\"image.default\">\n\t\t\t\t<div class=\"elementor-widget-container\">\n\t\t\t\t\t<div class=\"elementor-image\">\n\t\t\t\t\t\t\t\t\t\t<img src=\"https:\/\/www.herzenlauschen.de\/wp-content\/uploads\/elementor\/thumbs\/Weg-ins-Licht-rdx1doyy6pepob808kzg5dbeu826qol6wrts0h2b34.png\" title=\"Weg ins Licht\" alt=\"Weg ins Licht\" \/>\t\t\t\t\t\t\t\t\t\t\t<\/div>\n\t\t\t\t<\/div>\n\t\t\t\t<\/div>\n\t\t\t\t\t<\/div>\n\t\t<\/div>\n\t\t\t\t<div class=\"elementor-column elementor-col-50 elementor-top-column elementor-element elementor-element-baf817b\" data-id=\"baf817b\" data-element_type=\"column\">\n\t\t\t<div class=\"elementor-widget-wrap elementor-element-populated\">\n\t\t\t\t\t\t\t\t<div class=\"elementor-element elementor-element-a36e604 elementor-widget elementor-widget-image\" data-id=\"a36e604\" data-element_type=\"widget\" data-widget_type=\"image.default\">\n\t\t\t\t<div class=\"elementor-widget-container\">\n\t\t\t\t\t<div class=\"elementor-image\">\n\t\t\t\t\t\t\t\t\t\t<img src=\"https:\/\/www.herzenlauschen.de\/wp-content\/uploads\/elementor\/thumbs\/98d2228e-1ca5-446e-b724-50c9a14bd3dc-scaled-rdvhxder7slfuizncnu3k4ufzvo8wpbyfwfd6d121s.jpg\" title=\"H\u00e4nde auf Herz\" alt=\"H\u00e4nde auf Herz\" \/>\t\t\t\t\t\t\t\t\t\t\t<\/div>\n\t\t\t\t<\/div>\n\t\t\t\t<\/div>\n\t\t\t\t\t<\/div>\n\t\t<\/div>\n\t\t\t\t\t\t\t<\/div>\n\t\t<\/section>\n\t\t\t\t\t\t<\/div>\n\t\t\t\t\t<\/div>\n\t\t","protected":false},"excerpt":{"rendered":"<p>In Einklang kommen \u2013 mit Kinesiologie &amp; achtsamer Prozessbegleitung Es gibt Zeiten im Leben, in denen wir sp\u00fcren: Es will sich etwas wandeln.Alte Muster, Gedanken oder Gewohnheiten passen nicht mehr \u2013 und eine leise Stimme in uns ruft danach, geh\u00f6rt zu werden. In meiner Praxis Herzenlauschen in Wennigsen bei Hannover begleite ich dich mit energetischer [&hellip;]<\/p>\n","protected":false},"author":1,"featured_media":2687,"parent":0,"menu_order":0,"comment_status":"closed","ping_status":"closed","template":"","meta":[],"yoast_head":"<!-- This site is optimized with the Yoast SEO plugin v16.1.1 - https:\/\/yoast.com\/wordpress\/plugins\/seo\/ -->\n<title>Energetische Kinesiologie - HERZENLAUSCHEN<\/title>\n<meta name=\"description\" content=\"Energetische Kinesiologie: Finde Klarheit, sp\u00fcre deine Kraft und lebe Verbundenheit. Ein Weg, \u00c4ngste zu verwandeln und ins Gleichgewicht zur\u00fcck zu finden.\" \/>\n<link rel=\"canonical\" href=\"https:\/\/www.herzenlauschen.de\/index.php\/energetische-kinesiologie-wennigsen\/\" \/>\n<meta property=\"og:locale\" content=\"de_DE\" \/>\n<meta property=\"og:type\" content=\"article\" \/>\n<meta property=\"og:title\" content=\"Energetische Kinesiologie - HERZENLAUSCHEN\" \/>\n<meta property=\"og:description\" content=\"Energetische Kinesiologie: Finde Klarheit, sp\u00fcre deine Kraft und lebe Verbundenheit. Ein Weg, \u00c4ngste zu verwandeln und ins Gleichgewicht zur\u00fcck zu finden.\" \/>\n<meta property=\"og:url\" content=\"https:\/\/www.herzenlauschen.de\/index.php\/energetische-kinesiologie-wennigsen\/\" \/>\n<meta property=\"og:site_name\" content=\"HERZENLAUSCHEN\" \/>\n<meta property=\"article:modified_time\" content=\"2025-11-19T17:32:56+00:00\" \/>\n<meta property=\"og:image\" content=\"https:\/\/www.herzenlauschen.de\/wp-content\/uploads\/2025\/09\/IMG_8993.jpg\" \/>\n\t<meta property=\"og:image:width\" content=\"1600\" \/>\n\t<meta property=\"og:image:height\" content=\"1200\" \/>\n<meta name=\"twitter:card\" content=\"summary_large_image\" \/>\n<meta name=\"twitter:label1\" content=\"Gesch\u00e4tzte Lesezeit\">\n\t<meta name=\"twitter:data1\" content=\"3 Minuten\">\n<script type=\"application\/ld+json\" class=\"yoast-schema-graph\">{\"@context\":\"https:\/\/schema.org\",\"@graph\":[{\"@type\":\"WebSite\",\"@id\":\"https:\/\/www.herzenlauschen.de\/#website\",\"url\":\"https:\/\/www.herzenlauschen.de\/\",\"name\":\"HERZENLAUSCHEN\",\"description\":\"\",\"potentialAction\":[{\"@type\":\"SearchAction\",\"target\":\"https:\/\/www.herzenlauschen.de\/?s={search_term_string}\",\"query-input\":\"required name=search_term_string\"}],\"inLanguage\":\"de-DE\"},{\"@type\":\"ImageObject\",\"@id\":\"https:\/\/www.herzenlauschen.de\/index.php\/energetische-kinesiologie-wennigsen\/#primaryimage\",\"inLanguage\":\"de-DE\",\"url\":\"https:\/\/www.herzenlauschen.de\/wp-content\/uploads\/2025\/09\/IMG_8993.jpg\",\"contentUrl\":\"https:\/\/www.herzenlauschen.de\/wp-content\/uploads\/2025\/09\/IMG_8993.jpg\",\"width\":1600,\"height\":1200},{\"@type\":\"WebPage\",\"@id\":\"https:\/\/www.herzenlauschen.de\/index.php\/energetische-kinesiologie-wennigsen\/#webpage\",\"url\":\"https:\/\/www.herzenlauschen.de\/index.php\/energetische-kinesiologie-wennigsen\/\",\"name\":\"Energetische Kinesiologie - HERZENLAUSCHEN\",\"isPartOf\":{\"@id\":\"https:\/\/www.herzenlauschen.de\/#website\"},\"primaryImageOfPage\":{\"@id\":\"https:\/\/www.herzenlauschen.de\/index.php\/energetische-kinesiologie-wennigsen\/#primaryimage\"},\"datePublished\":\"2021-04-18T07:23:31+00:00\",\"dateModified\":\"2025-11-19T17:32:56+00:00\",\"description\":\"Energetische Kinesiologie: Finde Klarheit, sp\\u00fcre deine Kraft und lebe Verbundenheit. Ein Weg, \\u00c4ngste zu verwandeln und ins Gleichgewicht zur\\u00fcck zu finden.\",\"breadcrumb\":{\"@id\":\"https:\/\/www.herzenlauschen.de\/index.php\/energetische-kinesiologie-wennigsen\/#breadcrumb\"},\"inLanguage\":\"de-DE\",\"potentialAction\":[{\"@type\":\"ReadAction\",\"target\":[\"https:\/\/www.herzenlauschen.de\/index.php\/energetische-kinesiologie-wennigsen\/\"]}]},{\"@type\":\"BreadcrumbList\",\"@id\":\"https:\/\/www.herzenlauschen.de\/index.php\/energetische-kinesiologie-wennigsen\/#breadcrumb\",\"itemListElement\":[{\"@type\":\"ListItem\",\"position\":1,\"item\":{\"@type\":\"WebPage\",\"@id\":\"https:\/\/www.herzenlauschen.de\/\",\"url\":\"https:\/\/www.herzenlauschen.de\/\",\"name\":\"Startseite\"}},{\"@type\":\"ListItem\",\"position\":2,\"item\":{\"@type\":\"WebPage\",\"@id\":\"https:\/\/www.herzenlauschen.de\/index.php\/energetische-kinesiologie-wennigsen\/\",\"url\":\"https:\/\/www.herzenlauschen.de\/index.php\/energetische-kinesiologie-wennigsen\/\",\"name\":\"Energetische Kinesiologie\"}}]}]}<\/script>\n<!-- \/ Yoast SEO plugin. -->","_links":{"self":[{"href":"https:\/\/www.herzenlauschen.de\/index.php\/wp-json\/wp\/v2\/pages\/906"}],"collection":[{"href":"https:\/\/www.herzenlauschen.de\/index.php\/wp-json\/wp\/v2\/pages"}],"about":[{"href":"https:\/\/www.herzenlauschen.de\/index.php\/wp-json\/wp\/v2\/types\/page"}],"author":[{"embeddable":true,"href":"https:\/\/www.herzenlauschen.de\/index.php\/wp-json\/wp\/v2\/users\/1"}],"replies":[{"embeddable":true,"href":"https:\/\/www.herzenlauschen.de\/index.php\/wp-json\/wp\/v2\/comments?post=906"}],"version-history":[{"count":146,"href":"https:\/\/www.herzenlauschen.de\/index.php\/wp-json\/wp\/v2\/pages\/906\/revisions"}],"predecessor-version":[{"id":3084,"href":"https:\/\/www.herzenlauschen.de\/index.php\/wp-json\/wp\/v2\/pages\/906\/revisions\/3084"}],"wp:featuredmedia":[{"embeddable":true,"href":"https:\/\/www.herzenlauschen.de\/index.php\/wp-json\/wp\/v2\/media\/2687"}],"wp:attachment":[{"href":"https:\/\/www.herzenlauschen.de\/index.php\/wp-json\/wp\/v2\/media?parent=906"}],"curies":[{"name":"wp","href":"https:\/\/api.w.org\/{rel}","templated":true}]}}