{"id":1684,"date":"2025-05-28T09:09:24","date_gmt":"2025-05-28T09:09:24","guid":{"rendered":"https:\/\/www.herzenlauschen.de\/?page_id=1684"},"modified":"2025-11-19T14:15:55","modified_gmt":"2025-11-19T14:15:55","slug":"fuer-privatpersonen","status":"publish","type":"page","link":"https:\/\/www.herzenlauschen.de\/index.php\/fuer-privatpersonen\/","title":{"rendered":"Angebote"},"content":{"rendered":"\t\t<div data-elementor-type=\"wp-page\" data-elementor-id=\"1684\" class=\"elementor elementor-1684\" data-elementor-settings=\"[]\">\n\t\t\t\t\t\t\t<div class=\"elementor-section-wrap\">\n\t\t\t\t\t\t\t<section class=\"elementor-section elementor-top-section elementor-element elementor-element-f5e1dfe elementor-section-boxed elementor-section-height-default elementor-section-height-default\" data-id=\"f5e1dfe\" data-element_type=\"section\" data-settings=\"{&quot;background_background&quot;:&quot;classic&quot;}\">\n\t\t\t\t\t\t<div class=\"elementor-container elementor-column-gap-default\">\n\t\t\t\t\t<div class=\"elementor-column elementor-col-33 elementor-top-column elementor-element elementor-element-c25ee33\" data-id=\"c25ee33\" data-element_type=\"column\">\n\t\t\t<div class=\"elementor-widget-wrap elementor-element-populated\">\n\t\t\t\t\t\t\t\t<div class=\"elementor-element elementor-element-0a7dff6 elementor-widget elementor-widget-image\" data-id=\"0a7dff6\" data-element_type=\"widget\" data-widget_type=\"image.default\">\n\t\t\t\t<div class=\"elementor-widget-container\">\n\t\t\t\t\t<div class=\"elementor-image\">\n\t\t\t\t\t\t\t\t\t\t<img src=\"https:\/\/www.herzenlauschen.de\/wp-content\/uploads\/elementor\/thumbs\/20-1-r6h2w5ti1dc6rag2n3iei6szqef4nc48gmmyzigyqs.png\" title=\"Resilienz in der Natur\" alt=\"Resilienz in der Natur\" \/>\t\t\t\t\t\t\t\t\t\t\t<\/div>\n\t\t\t\t<\/div>\n\t\t\t\t<\/div>\n\t\t\t\t\t<\/div>\n\t\t<\/div>\n\t\t\t\t<div class=\"elementor-column elementor-col-33 elementor-top-column elementor-element elementor-element-5b0d8cd\" data-id=\"5b0d8cd\" data-element_type=\"column\">\n\t\t\t<div class=\"elementor-widget-wrap elementor-element-populated\">\n\t\t\t\t\t\t\t\t<div class=\"elementor-element elementor-element-fbe8fc7 elementor-widget elementor-widget-image\" data-id=\"fbe8fc7\" data-element_type=\"widget\" data-widget_type=\"image.default\">\n\t\t\t\t<div class=\"elementor-widget-container\">\n\t\t\t\t\t<div class=\"elementor-image\">\n\t\t\t\t\t\t\t\t\t\t<img width=\"5631\" height=\"3968\" src=\"https:\/\/www.herzenlauschen.de\/wp-content\/uploads\/2025\/11\/Einladung-9.png\" class=\"attachment-full size-full\" alt=\"\" loading=\"lazy\" srcset=\"https:\/\/www.herzenlauschen.de\/wp-content\/uploads\/2025\/11\/Einladung-9.png 5631w, https:\/\/www.herzenlauschen.de\/wp-content\/uploads\/2025\/11\/Einladung-9-300x211.png 300w, https:\/\/www.herzenlauschen.de\/wp-content\/uploads\/2025\/11\/Einladung-9-1024x722.png 1024w, https:\/\/www.herzenlauschen.de\/wp-content\/uploads\/2025\/11\/Einladung-9-768x541.png 768w, https:\/\/www.herzenlauschen.de\/wp-content\/uploads\/2025\/11\/Einladung-9-1536x1082.png 1536w, https:\/\/www.herzenlauschen.de\/wp-content\/uploads\/2025\/11\/Einladung-9-2048x1443.png 2048w\" sizes=\"(max-width: 5631px) 100vw, 5631px\" \/>\t\t\t\t\t\t\t\t\t\t\t<\/div>\n\t\t\t\t<\/div>\n\t\t\t\t<\/div>\n\t\t\t\t\t<\/div>\n\t\t<\/div>\n\t\t\t\t<div class=\"elementor-column elementor-col-33 elementor-top-column elementor-element elementor-element-5cfe6d8\" data-id=\"5cfe6d8\" data-element_type=\"column\">\n\t\t\t<div class=\"elementor-widget-wrap elementor-element-populated\">\n\t\t\t\t\t\t\t\t<div class=\"elementor-element elementor-element-acc5d4b elementor-widget elementor-widget-image\" data-id=\"acc5d4b\" data-element_type=\"widget\" data-widget_type=\"image.default\">\n\t\t\t\t<div class=\"elementor-widget-container\">\n\t\t\t\t\t<div class=\"elementor-image\">\n\t\t\t\t\t\t\t\t\t\t<img src=\"https:\/\/www.herzenlauschen.de\/wp-content\/uploads\/elementor\/thumbs\/Christina-Enja-87-rdvk7rxd52m46uc626v8le5tuquafgugo0dy84bu90.jpg\" title=\"Christina Specht &#8211; Herzenlauschen\" alt=\"Christina Specht - Herzenlauschen\" \/>\t\t\t\t\t\t\t\t\t\t\t<\/div>\n\t\t\t\t<\/div>\n\t\t\t\t<\/div>\n\t\t\t\t\t<\/div>\n\t\t<\/div>\n\t\t\t\t\t\t\t<\/div>\n\t\t<\/section>\n\t\t\t\t<section class=\"elementor-section elementor-top-section elementor-element elementor-element-ec6e5bd elementor-section-boxed elementor-section-height-default elementor-section-height-default\" data-id=\"ec6e5bd\" data-element_type=\"section\">\n\t\t\t\t\t\t<div class=\"elementor-container elementor-column-gap-default\">\n\t\t\t\t\t<div class=\"elementor-column elementor-col-100 elementor-top-column elementor-element elementor-element-86a7ce7\" data-id=\"86a7ce7\" data-element_type=\"column\">\n\t\t\t<div class=\"elementor-widget-wrap elementor-element-populated\">\n\t\t\t\t\t\t\t\t<div class=\"elementor-element elementor-element-700cd43 elementor-widget elementor-widget-text-editor\" data-id=\"700cd43\" data-element_type=\"widget\" data-widget_type=\"text-editor.default\">\n\t\t\t\t<div class=\"elementor-widget-container\">\n\t\t\t\t\t<div class=\"elementor-text-editor elementor-clearfix\"><h3 data-start=\"345\" data-end=\"404\"><strong data-start=\"349\" data-end=\"404\">Meine Angebote \u2013 R\u00e4ume f\u00fcr Wachstum &amp; Verbundenheit<\/strong><\/h3><p data-start=\"406\" data-end=\"628\">Im Mittelpunkt meiner Arbeit steht die achtsame Prozessbegleitung.<br data-start=\"472\" data-end=\"475\" \/>Ich begleite Menschen, die bereit sind, ihrer inneren Stimme zuzuh\u00f6ren, sich selbst tiefer zu verstehen und im Einklang mit ihrer eigenen Natur zu leben.<\/p><p data-start=\"630\" data-end=\"923\">In dieser Arbeit geht es nicht darum, etwas zu reparieren oder zu optimieren.<br data-start=\"707\" data-end=\"710\" \/>Es geht darum, einen Raum zu \u00f6ffnen, in dem du wieder in Kontakt kommst mit dem, was in dir wahr ist \u2013 mit deiner Kraft, deiner Klarheit und der leisen Weisheit, die oft unter dem L\u00e4rm des Alltags verborgen liegt.<\/p><p data-start=\"925\" data-end=\"1184\">Jeder Prozess ist einzigartig.<br data-start=\"955\" data-end=\"958\" \/>Manchmal braucht es Stille, manchmal Mut, manchmal ein Innehalten \u2013 und immer die Bereitschaft, dir selbst aufrichtig zu begegnen.<br data-start=\"1088\" data-end=\"1091\" \/>Aus diesem Kontakt entstehen Lebendigkeit, Orientierung und ein tieferes Heimatgef\u00fchl in dir.<\/p><h3 data-start=\"1191\" data-end=\"1234\"><strong data-start=\"1195\" data-end=\"1234\">\u00a0<\/strong><\/h3><h3 data-start=\"1191\" data-end=\"1234\"><strong data-start=\"1195\" data-end=\"1234\">Methoden, die den Prozess begleiten<\/strong><\/h3><p data-start=\"1236\" data-end=\"1364\"><strong data-start=\"1236\" data-end=\"1267\">Kinesiologischer Muskeltest<\/strong><br data-start=\"1267\" data-end=\"1270\" \/>Innere Spannungen und Blockaden werden sichtbar, damit sich neue Bewegungsr\u00e4ume \u00f6ffnen k\u00f6nnen.<\/p><p data-start=\"1366\" data-end=\"1518\"><strong data-start=\"1366\" data-end=\"1414\">Naturrituale &amp; achtsame \u00dcbungen in der Natur<\/strong><br data-start=\"1414\" data-end=\"1417\" \/>Die Natur spiegelt klar und zugleich sanft. Sie zeigt, wo du gerade stehst \u2013 und wohin es dich zieht.<\/p><p data-start=\"1520\" data-end=\"1692\"><strong data-start=\"1520\" data-end=\"1576\">Arbeit mit inneren \u00dcberzeugungen und Gedankenmustern<\/strong><br data-start=\"1576\" data-end=\"1579\" \/>Erkennen, welche Muster dich tragen und welche dich begrenzen \u2013 und die M\u00f6glichkeit, neue Perspektiven zu w\u00e4hlen.<\/p><h3 data-start=\"1699\" data-end=\"1763\"><strong data-start=\"1703\" data-end=\"1763\">\u00a0<\/strong><\/h3><h3 data-start=\"1699\" data-end=\"1763\"><strong data-start=\"1703\" data-end=\"1763\">Arbeit mit K\u00f6rperresonanz \u2013 Lauschen, was in dir spricht<\/strong><\/h3><p data-start=\"1765\" data-end=\"1943\">Ein zentraler Teil dieser Begleitung ist das feine Sp\u00fcren des K\u00f6rpers.<br data-start=\"1835\" data-end=\"1838\" \/>Der K\u00f6rper l\u00fcgt nicht. Er zeigt, was geh\u00f6rt werden m\u00f6chte \u2013 oft viel fr\u00fcher, als der Kopf verstehen kann.<\/p><p data-start=\"1945\" data-end=\"1996\">Wenn wir dem K\u00f6rper Raum geben, kann sich zeigen:<\/p><ul data-start=\"1997\" data-end=\"2208\"><li data-start=\"1997\" data-end=\"2041\"><p data-start=\"1999\" data-end=\"2041\">welche Spannungen eine Botschaft tragen,<\/p><\/li><li data-start=\"2042\" data-end=\"2087\"><p data-start=\"2044\" data-end=\"2087\">wo alte Verletzungen nach F\u00fcrsorge rufen,<\/p><\/li><li data-start=\"2088\" data-end=\"2136\"><p data-start=\"2090\" data-end=\"2136\">welche Bed\u00fcrfnisse bisher \u00fcbergangen wurden,<\/p><\/li><li data-start=\"2137\" data-end=\"2208\"><p data-start=\"2139\" data-end=\"2208\">und welche Potenziale in dir bereits darauf warten, gelebt zu werden.<\/p><\/li><\/ul><p data-start=\"2210\" data-end=\"2500\">Auch Symptome oder wiederkehrende Beschwerden k\u00f6nnen ein Hinweis darauf sein, dass etwas in dir nach deiner Aufmerksamkeit ruft.<\/p><p data-start=\"2052\" data-end=\"2198\">Wir h\u00f6ren deinem K\u00f6rper zu und er wird zu einem verl\u00e4sslichen Resonanzraum \u2013 einer Stimme, die dir Klarheit schenkt und dich zur\u00fcck zu deiner inneren Wahrheit f\u00fchrt.<\/p><p data-start=\"2205\" data-end=\"2351\">Jede Begegnung ist eine Einladung, dir selbst zuzuh\u00f6ren, deine Lebenskraft zu sp\u00fcren und deinen Weg mit Freude, Klarheit und Bewusstheit zu gehen.<\/p><p data-start=\"2353\" data-end=\"2410\"><em><strong data-start=\"2357\" data-end=\"2410\">Finde Klarheit \u00b7 Sp\u00fcre Kraft \u00b7 Lebe Verbundenheit<\/strong><\/em><\/p><\/div>\n\t\t\t\t<\/div>\n\t\t\t\t<\/div>\n\t\t\t\t\t<\/div>\n\t\t<\/div>\n\t\t\t\t\t\t\t<\/div>\n\t\t<\/section>\n\t\t\t\t<section class=\"elementor-section elementor-top-section elementor-element elementor-element-370d28c elementor-section-boxed elementor-section-height-default elementor-section-height-default\" data-id=\"370d28c\" data-element_type=\"section\">\n\t\t\t\t\t\t<div class=\"elementor-container elementor-column-gap-default\">\n\t\t\t\t\t<div class=\"elementor-column elementor-col-100 elementor-top-column elementor-element elementor-element-289e09f\" data-id=\"289e09f\" data-element_type=\"column\">\n\t\t\t<div class=\"elementor-widget-wrap elementor-element-populated\">\n\t\t\t\t\t\t\t\t<div class=\"elementor-element elementor-element-6dfb0ce elementor-align-center elementor-widget elementor-widget-button\" data-id=\"6dfb0ce\" data-element_type=\"widget\" data-widget_type=\"button.default\">\n\t\t\t\t<div class=\"elementor-widget-container\">\n\t\t\t\t\t<div class=\"elementor-button-wrapper\">\n\t\t\t<a href=\"https:\/\/www.herzenlauschen.de\/index.php\/kontakt\/\" class=\"elementor-button-link elementor-button elementor-size-sm\" role=\"button\">\n\t\t\t\t\t\t<span class=\"elementor-button-content-wrapper\">\n\t\t\t\t\t\t<span class=\"elementor-button-text\">Direkt anfragen<\/span>\n\t\t<\/span>\n\t\t\t\t\t<\/a>\n\t\t<\/div>\n\t\t\t\t<\/div>\n\t\t\t\t<\/div>\n\t\t\t\t\t<\/div>\n\t\t<\/div>\n\t\t\t\t\t\t\t<\/div>\n\t\t<\/section>\n\t\t\t\t<section class=\"elementor-section elementor-top-section elementor-element elementor-element-cfd6d28 elementor-section-boxed elementor-section-height-default elementor-section-height-default\" data-id=\"cfd6d28\" data-element_type=\"section\">\n\t\t\t\t\t\t<div class=\"elementor-container elementor-column-gap-default\">\n\t\t\t\t\t<div class=\"elementor-column elementor-col-33 elementor-top-column elementor-element elementor-element-8ef5ae0\" data-id=\"8ef5ae0\" data-element_type=\"column\">\n\t\t\t<div class=\"elementor-widget-wrap\">\n\t\t\t\t\t\t\t\t\t<\/div>\n\t\t<\/div>\n\t\t\t\t<div class=\"elementor-column elementor-col-33 elementor-top-column elementor-element elementor-element-005fc28\" data-id=\"005fc28\" data-element_type=\"column\">\n\t\t\t<div class=\"elementor-widget-wrap\">\n\t\t\t\t\t\t\t\t\t<\/div>\n\t\t<\/div>\n\t\t\t\t<div class=\"elementor-column elementor-col-33 elementor-top-column elementor-element elementor-element-f9d8e6e\" data-id=\"f9d8e6e\" data-element_type=\"column\">\n\t\t\t<div class=\"elementor-widget-wrap elementor-element-populated\">\n\t\t\t\t\t\t\t\t<div class=\"elementor-element elementor-element-20f5f3b elementor-widget elementor-widget-image\" data-id=\"20f5f3b\" data-element_type=\"widget\" data-widget_type=\"image.default\">\n\t\t\t\t<div class=\"elementor-widget-container\">\n\t\t\t\t\t<div class=\"elementor-image\">\n\t\t\t\t\t\t\t\t\t\t<img width=\"800\" height=\"564\" src=\"https:\/\/www.herzenlauschen.de\/wp-content\/uploads\/2025\/11\/Einladung-8-1024x722.png\" class=\"attachment-large size-large\" alt=\"\" loading=\"lazy\" srcset=\"https:\/\/www.herzenlauschen.de\/wp-content\/uploads\/2025\/11\/Einladung-8-1024x722.png 1024w, https:\/\/www.herzenlauschen.de\/wp-content\/uploads\/2025\/11\/Einladung-8-300x211.png 300w, https:\/\/www.herzenlauschen.de\/wp-content\/uploads\/2025\/11\/Einladung-8-768x541.png 768w, https:\/\/www.herzenlauschen.de\/wp-content\/uploads\/2025\/11\/Einladung-8-1536x1082.png 1536w, https:\/\/www.herzenlauschen.de\/wp-content\/uploads\/2025\/11\/Einladung-8-2048x1443.png 2048w\" sizes=\"(max-width: 800px) 100vw, 800px\" \/>\t\t\t\t\t\t\t\t\t\t\t<\/div>\n\t\t\t\t<\/div>\n\t\t\t\t<\/div>\n\t\t\t\t\t<\/div>\n\t\t<\/div>\n\t\t\t\t\t\t\t<\/div>\n\t\t<\/section>\n\t\t\t\t\t\t<\/div>\n\t\t\t\t\t<\/div>\n\t\t","protected":false},"excerpt":{"rendered":"<p>Meine Angebote \u2013 R\u00e4ume f\u00fcr Wachstum &amp; Verbundenheit Im Mittelpunkt meiner Arbeit steht die achtsame Prozessbegleitung.Ich begleite Menschen, die bereit sind, ihrer inneren Stimme zuzuh\u00f6ren, sich selbst tiefer zu verstehen und im Einklang mit ihrer eigenen Natur zu leben. In dieser Arbeit geht es nicht darum, etwas zu reparieren oder zu optimieren.Es geht darum, einen [&hellip;]<\/p>\n","protected":false},"author":1,"featured_media":0,"parent":0,"menu_order":0,"comment_status":"closed","ping_status":"closed","template":"","meta":[],"yoast_head":"<!-- This site is optimized with the Yoast SEO plugin v16.1.1 - https:\/\/yoast.com\/wordpress\/plugins\/seo\/ -->\n<title>Angebote - HERZENLAUSCHEN<\/title>\n<link rel=\"canonical\" href=\"https:\/\/www.herzenlauschen.de\/index.php\/fuer-privatpersonen\/\" \/>\n<meta property=\"og:locale\" content=\"de_DE\" \/>\n<meta property=\"og:type\" content=\"article\" \/>\n<meta property=\"og:title\" content=\"Angebote - HERZENLAUSCHEN\" \/>\n<meta property=\"og:description\" content=\"Meine Angebote \u2013 R\u00e4ume f\u00fcr Wachstum &amp; Verbundenheit Im Mittelpunkt meiner Arbeit steht die achtsame Prozessbegleitung.Ich begleite Menschen, die bereit sind, ihrer inneren Stimme zuzuh\u00f6ren, sich selbst tiefer zu verstehen und im Einklang mit ihrer eigenen Natur zu leben. In dieser Arbeit geht es nicht darum, etwas zu reparieren oder zu optimieren.Es geht darum, einen [&hellip;]\" \/>\n<meta property=\"og:url\" content=\"https:\/\/www.herzenlauschen.de\/index.php\/fuer-privatpersonen\/\" \/>\n<meta property=\"og:site_name\" content=\"HERZENLAUSCHEN\" \/>\n<meta property=\"article:modified_time\" content=\"2025-11-19T14:15:55+00:00\" \/>\n<meta property=\"og:image\" content=\"https:\/\/www.herzenlauschen.de\/wp-content\/uploads\/elementor\/thumbs\/20-1-r6h2w5ti1dc6rag2n3iei6szqef4nc48gmmyzigyqs.png\" \/>\n<meta name=\"twitter:card\" content=\"summary_large_image\" \/>\n<meta name=\"twitter:label1\" content=\"Gesch\u00e4tzte Lesezeit\">\n\t<meta name=\"twitter:data1\" content=\"3 Minuten\">\n<script type=\"application\/ld+json\" class=\"yoast-schema-graph\">{\"@context\":\"https:\/\/schema.org\",\"@graph\":[{\"@type\":\"WebSite\",\"@id\":\"https:\/\/www.herzenlauschen.de\/#website\",\"url\":\"https:\/\/www.herzenlauschen.de\/\",\"name\":\"HERZENLAUSCHEN\",\"description\":\"\",\"potentialAction\":[{\"@type\":\"SearchAction\",\"target\":\"https:\/\/www.herzenlauschen.de\/?s={search_term_string}\",\"query-input\":\"required name=search_term_string\"}],\"inLanguage\":\"de-DE\"},{\"@type\":\"ImageObject\",\"@id\":\"https:\/\/www.herzenlauschen.de\/index.php\/fuer-privatpersonen\/#primaryimage\",\"inLanguage\":\"de-DE\",\"url\":\"https:\/\/www.herzenlauschen.de\/wp-content\/uploads\/elementor\/thumbs\/20-1-r6h2w5ti1dc6rag2n3iei6szqef4nc48gmmyzigyqs.png\",\"contentUrl\":\"https:\/\/www.herzenlauschen.de\/wp-content\/uploads\/elementor\/thumbs\/20-1-r6h2w5ti1dc6rag2n3iei6szqef4nc48gmmyzigyqs.png\"},{\"@type\":\"WebPage\",\"@id\":\"https:\/\/www.herzenlauschen.de\/index.php\/fuer-privatpersonen\/#webpage\",\"url\":\"https:\/\/www.herzenlauschen.de\/index.php\/fuer-privatpersonen\/\",\"name\":\"Angebote - HERZENLAUSCHEN\",\"isPartOf\":{\"@id\":\"https:\/\/www.herzenlauschen.de\/#website\"},\"primaryImageOfPage\":{\"@id\":\"https:\/\/www.herzenlauschen.de\/index.php\/fuer-privatpersonen\/#primaryimage\"},\"datePublished\":\"2025-05-28T09:09:24+00:00\",\"dateModified\":\"2025-11-19T14:15:55+00:00\",\"breadcrumb\":{\"@id\":\"https:\/\/www.herzenlauschen.de\/index.php\/fuer-privatpersonen\/#breadcrumb\"},\"inLanguage\":\"de-DE\",\"potentialAction\":[{\"@type\":\"ReadAction\",\"target\":[\"https:\/\/www.herzenlauschen.de\/index.php\/fuer-privatpersonen\/\"]}]},{\"@type\":\"BreadcrumbList\",\"@id\":\"https:\/\/www.herzenlauschen.de\/index.php\/fuer-privatpersonen\/#breadcrumb\",\"itemListElement\":[{\"@type\":\"ListItem\",\"position\":1,\"item\":{\"@type\":\"WebPage\",\"@id\":\"https:\/\/www.herzenlauschen.de\/\",\"url\":\"https:\/\/www.herzenlauschen.de\/\",\"name\":\"Startseite\"}},{\"@type\":\"ListItem\",\"position\":2,\"item\":{\"@type\":\"WebPage\",\"@id\":\"https:\/\/www.herzenlauschen.de\/index.php\/fuer-privatpersonen\/\",\"url\":\"https:\/\/www.herzenlauschen.de\/index.php\/fuer-privatpersonen\/\",\"name\":\"Angebote\"}}]}]}<\/script>\n<!-- \/ Yoast SEO plugin. -->","_links":{"self":[{"href":"https:\/\/www.herzenlauschen.de\/index.php\/wp-json\/wp\/v2\/pages\/1684"}],"collection":[{"href":"https:\/\/www.herzenlauschen.de\/index.php\/wp-json\/wp\/v2\/pages"}],"about":[{"href":"https:\/\/www.herzenlauschen.de\/index.php\/wp-json\/wp\/v2\/types\/page"}],"author":[{"embeddable":true,"href":"https:\/\/www.herzenlauschen.de\/index.php\/wp-json\/wp\/v2\/users\/1"}],"replies":[{"embeddable":true,"href":"https:\/\/www.herzenlauschen.de\/index.php\/wp-json\/wp\/v2\/comments?post=1684"}],"version-history":[{"count":74,"href":"https:\/\/www.herzenlauschen.de\/index.php\/wp-json\/wp\/v2\/pages\/1684\/revisions"}],"predecessor-version":[{"id":3080,"href":"https:\/\/www.herzenlauschen.de\/index.php\/wp-json\/wp\/v2\/pages\/1684\/revisions\/3080"}],"wp:attachment":[{"href":"https:\/\/www.herzenlauschen.de\/index.php\/wp-json\/wp\/v2\/media?parent=1684"}],"curies":[{"name":"wp","href":"https:\/\/api.w.org\/{rel}","templated":true}]}}